{"id":6,"date":"2022-11-24T03:13:09","date_gmt":"2022-11-24T03:13:09","guid":{"rendered":"https:\/\/repuestosdelineablanca.com\/?page_id=6"},"modified":"2025-11-28T16:18:50","modified_gmt":"2025-11-28T16:18:50","slug":"inicio","status":"publish","type":"page","link":"https:\/\/repuestosdelineablanca.com\/","title":{"rendered":"Inicio"},"content":{"rendered":"<p>[vc_row][vc_column][vc_empty_space][vc_single_image image=\u00bb21&#8243; img_size=\u00bbfull\u00bb alignment=\u00bbcenter\u00bb css_animation=\u00bbfadeInUp\u00bb][\/vc_column][\/vc_row][vc_row][vc_column width=\u00bb1\/3&#8243;][vc_single_image image=\u00bb27&#8243; img_size=\u00bbfull\u00bb alignment=\u00bbcenter\u00bb css_animation=\u00bbfadeInLeft\u00bb][\/vc_column][vc_column width=\u00bb1\/3&#8243;][vc_single_image image=\u00bb29&#8243; img_size=\u00bbfull\u00bb alignment=\u00bbcenter\u00bb css_animation=\u00bbfadeInUp\u00bb][\/vc_column][vc_column width=\u00bb1\/3&#8243;][vc_single_image image=\u00bb28&#8243; img_size=\u00bbfull\u00bb alignment=\u00bbcenter\u00bb css_animation=\u00bbfadeInRight\u00bb][\/vc_column][\/vc_row][vc_row el_id=\u00bbQuienes\u00bb][vc_column][vc_column_text]<\/p>\n<h1 style=\"text-align: center;\"><strong>QUI\u00c9NES SOMOS<\/strong><\/h1>\n<p>[\/vc_column_text][\/vc_column][\/vc_row][vc_row full_width=\u00bbstretch_row\u00bb css=\u00bb.vc_custom_1669261828523{background-color: #e2e2e2 !important;}\u00bb][vc_column width=\u00bb1\/2&#8243;][vc_column_text]Somos una empresa dedicada a brindar servicios, reparaci\u00f3n y venta de repuestos, con m\u00e1s de 15 a\u00f1os en el mercado nacional.\u00a0<b>REPARACI\u00d3N, DE LAVADORAS, REFRIGERADORAS, SECADORAS, COCINAS, TORRES DE LAVADO, LICUADORAS, BATIDORAS, TELEVISORES, HORNOS, OLLAS ARROCERAS, MICROONDAS.<\/b>\u00a0Reparaci\u00f3n venta de repuestos de l\u00ednea blanca y l\u00ednea electr\u00f3nica, adem\u00e1s de venta de repuestos para todas las marcas. Contamos con t\u00e9cnicos, ingenieros de servicio especializados certificados por las m\u00e1s prestigiosas marcas, para brindarle un servicio \u00f3ptimo y de calidad, con el cual el cliente se sienta c\u00f3modo y confiado.[\/vc_column_text][\/vc_column][vc_column width=\u00bb1\/2&#8243;][vc_column_text]<\/p>\n<h2>Nuestros compromisos:<\/h2>\n<p>Profesionalismo y \u00e9tica Diagn\u00f3sticos y propuestas reales para su electrodom\u00e9stico Reparaciones en su hogar o centro de trabajo Cobertura en toda la regi\u00f3n metropolitana Garantizar todos nuestros servicios\u00a0<b>Servicio T\u00e9cnico de las marcas:<\/b>\u00a0LG, Mabe, Atlas, General Electric, Whirlpool, Frigidaire, Sony, Eickson, Samsung. Nuestro objetivo es darle un servicio de calidad que responda a todas sus necesidades de manera \u00e1gil y adecuada.[\/vc_column_text][\/vc_column][\/vc_row][vc_row full_width=\u00bbstretch_row\u00bb css=\u00bb.vc_custom_1669262686617{background-color: #0c58b2 !important;}\u00bb el_id=\u00bbServicios\u00bb][vc_column][vc_column_text]<\/p>\n<h1 style=\"text-align: center;\"><strong><span style=\"color: #ffffff;\">SERVICIOS<\/span><\/strong><\/h1>\n<p>[\/vc_column_text][vc_row_inner][vc_column_inner width=\u00bb1\/3&#8243;][vc_single_image image=\u00bb26&#8243; alignment=\u00bbcenter\u00bb][vc_column_text]<\/p>\n<h3 style=\"text-align: center;\"><span style=\"color: #ffffff;\"><b>VISITAS A DOMICILIO<\/b><\/span><\/h3>\n<p style=\"text-align: center;\"><span style=\"color: #ffffff;\">Si no puedes traer tu electrodom\u00e9stico podemos ir a revisarlo personalmente, con personal altamente calificado a todo el \u00e1rea Metropolitana.<\/span><\/p>\n<p>[\/vc_column_text][\/vc_column_inner][vc_column_inner width=\u00bb1\/3&#8243;][vc_single_image image=\u00bb25&#8243; alignment=\u00bbcenter\u00bb][vc_column_text]<\/p>\n<h3 style=\"text-align: center;\"><span style=\"color: #ffffff;\"><b>TALLER DE SERVICIO T\u00c9CNICO<\/b><\/span><\/h3>\n<p style=\"text-align: center;\"><span style=\"color: #ffffff;\">Contamos con taller de servicio t\u00e9cnico, visite nuestras instalaciones en Santa Luc\u00eda de Heredia, Lindora &#8211; Santa Ana y Tres R\u00edos &#8211; Cartago.<\/span><\/p>\n<p>[\/vc_column_text][\/vc_column_inner][vc_column_inner width=\u00bb1\/3&#8243;][vc_single_image image=\u00bb23&#8243; alignment=\u00bbcenter\u00bb][vc_column_text]<\/p>\n<h3 style=\"text-align: center;\"><span style=\"color: #ffffff;\"><b>REPUESTOS ORIGINALES<\/b><\/span><\/h3>\n<p style=\"text-align: center;\"><span style=\"color: #ffffff;\">Manejamos un stock de los mejores repuestos y la mejor calidad para reparar tu equipo, siempre en las mejores manos.<\/span><\/p>\n<p>[\/vc_column_text][\/vc_column_inner][\/vc_row_inner][\/vc_column][\/vc_row][vc_row][vc_column][vc_row_inner][vc_column_inner width=\u00bb1\/2&#8243;][vc_column_text]<\/p>\n<h2><span class=\"light\">Servicios<\/span>\u00a0a domicilio, t\u00e9cnicos certificados<\/h2>\n<p>Te ofrecemos un servicio integral destinado al mantenimiento y reparaci\u00f3n de l\u00ednea blanca.<br \/>\nDiagnosticamos profesionalmente la situaci\u00f3n y en ese momento le damos un presupuesto claro y preciso.<br \/>\nLas reparaciones pueden ejecutarse en el domicilio del cliente o en nuestros talleres, seg\u00fan la necesidad de la reparaci\u00f3n. Esto es relativo y queda sujeto al diagn\u00f3stico t\u00e9cnico que hagan nuestros profesionales. Todo nuestro trabajo cuenta con garant\u00eda.<br \/>\nAtendemos toda el \u00e1rea metropolitana, Contamos con una red de profesionales altamente capacitados en el \u00e1rea de electrodom\u00e9sticos y con extensa experiencia.<br \/>\nCuando usted contrate nuestros servicios gozara de estos beneficios.[\/vc_column_text][\/vc_column_inner][vc_column_inner width=\u00bb1\/2&#8243;][vc_single_image image=\u00bb42&#8243; img_size=\u00bbfull\u00bb style=\u00bbvc_box_shadow_3d\u00bb][\/vc_column_inner][\/vc_row_inner][vc_row_inner][vc_column_inner width=\u00bb1\/2&#8243;][vc_column_text]<\/p>\n<h3><strong>REPARAMOS:<\/strong><\/h3>\n<ul>\n<li>Reparaci\u00f3n de Refrigeradores Samsung<\/li>\n<li>Reparaciones de Refrigeradores Mabe<\/li>\n<li>Reparaciones de Refrigeradores Telstar<\/li>\n<li>Reparaciones de Refrigeradores Atlas<\/li>\n<li>Reparaciones de Refrigeradores Whirlpool<\/li>\n<li>Reparaciones de Refrigeradores LG<\/li>\n<li>Reparaciones de Refrigeradores General Electric<\/li>\n<li>Reparaciones de Refrigeradores Frigidaire<\/li>\n<\/ul>\n<p>[\/vc_column_text][\/vc_column_inner][vc_column_inner width=\u00bb1\/2&#8243;][vc_column_text]<\/p>\n<ul>\n<li>Reparaci\u00f3n de Lavadoras<\/li>\n<li>Reparaci\u00f3n de cocinas<\/li>\n<li>Reparaci\u00f3n de microondas<\/li>\n<li>Reparaci\u00f3n de centros de lavado<\/li>\n<\/ul>\n<p>En Servirepuestos Masis Costa Rica tenemos una larga experiencia brindando el servicio de reparaci\u00e9n de electrodom\u00e9sticos y l\u00ednea blanca de las principales marcas de distribuci\u00f3n nacional.<\/p>\n<p>Ll\u00e1menos y comprobar\u00e1 que nuestro trabajo. Somos la soluci\u00f3n en Reparaciones de Electrodom\u00e9sticos y estamos a solo una llamada de su hogar.[\/vc_column_text][\/vc_column_inner][\/vc_row_inner][\/vc_column][\/vc_row][vc_row full_width=\u00bbstretch_row\u00bb parallax=\u00bbcontent-moving\u00bb][vc_column width=\u00bb1\/2&#8243;][vc_column_text]<\/p>\n<h3><strong>REPARAMOS:<\/strong><\/h3>\n<ul>\n<li>Reparaci\u00f3n de Lavadoras Samsung<\/li>\n<li>Reparaciones de Lavadoras Mabe<\/li>\n<li>Reparaciones de Lavadoras Telstar<\/li>\n<li>Reparaciones de Lavadoras Atlas<\/li>\n<\/ul>\n<p>[\/vc_column_text][\/vc_column][vc_column width=\u00bb1\/2&#8243;][vc_column_text]<\/p>\n<ul>\n<li>Reparaciones de Lavadoras Whirlpool<\/li>\n<li>Reparaciones de Lavadoras LG<\/li>\n<li>Reparaciones de Lavadoras General Electric<\/li>\n<li>Reparaciones de Lavadoras Frigidaire<\/li>\n<\/ul>\n<p>[\/vc_column_text][\/vc_column][\/vc_row][vc_row full_width=\u00bbstretch_row\u00bb css=\u00bb.vc_custom_1669264210584{background-color: #ededed !important;}\u00bb el_id=\u00bbRepuestos\u00bb][vc_column][vc_column_text]<\/p>\n<h1 style=\"text-align: center;\"><strong>CONSIGUE REPUESTOS DE:<\/strong><\/h1>\n<p>[\/vc_column_text][vc_row_inner][vc_column_inner width=\u00bb1\/6&#8243;][vc_single_image image=\u00bb45&#8243; img_size=\u00bb\u00bb alignment=\u00bbcenter\u00bb][vc_column_text]<\/p>\n<h4 style=\"text-align: center;\"><strong>Hornos<\/strong><\/h4>\n<p>[\/vc_column_text][\/vc_column_inner][vc_column_inner width=\u00bb1\/6&#8243;][vc_single_image image=\u00bb50&#8243; img_size=\u00bb\u00bb alignment=\u00bbcenter\u00bb][vc_column_text]<\/p>\n<h4 style=\"text-align: center;\"><strong>Refrigeradoras<\/strong><\/h4>\n<p>[\/vc_column_text][\/vc_column_inner][vc_column_inner width=\u00bb1\/6&#8243;][vc_single_image image=\u00bb54&#8243; img_size=\u00bb\u00bb alignment=\u00bbcenter\u00bb][vc_column_text]<\/p>\n<h4 style=\"text-align: center;\"><strong>Batidoras<\/strong><\/h4>\n<p>[\/vc_column_text][\/vc_column_inner][vc_column_inner width=\u00bb1\/6&#8243;][vc_single_image image=\u00bb44&#8243; img_size=\u00bb\u00bb alignment=\u00bbcenter\u00bb][vc_column_text]<\/p>\n<h4 style=\"text-align: center;\"><strong>Cocinas<\/strong><\/h4>\n<p>[\/vc_column_text][\/vc_column_inner][vc_column_inner width=\u00bb1\/6&#8243;][vc_single_image image=\u00bb47&#8243; img_size=\u00bb\u00bb alignment=\u00bbcenter\u00bb][vc_column_text]<\/p>\n<h4 style=\"text-align: center;\"><strong>Lavaplatos<\/strong><\/h4>\n<p>[\/vc_column_text][\/vc_column_inner][vc_column_inner width=\u00bb1\/6&#8243;][vc_single_image image=\u00bb48&#8243; img_size=\u00bb\u00bb alignment=\u00bbcenter\u00bb][vc_column_text]<\/p>\n<h4 style=\"text-align: center;\"><strong>Microondas<\/strong><\/h4>\n<p>[\/vc_column_text][\/vc_column_inner][\/vc_row_inner][vc_row_inner][vc_column_inner width=\u00bb1\/6&#8243;][vc_single_image image=\u00bb55&#8243; img_size=\u00bb\u00bb alignment=\u00bbcenter\u00bb][vc_column_text]<\/p>\n<h4 style=\"text-align: center;\"><strong>Licuadoras<\/strong><\/h4>\n<p>[\/vc_column_text][\/vc_column_inner][vc_column_inner width=\u00bb1\/6&#8243;][vc_single_image image=\u00bb53&#8243; img_size=\u00bb\u00bb alignment=\u00bbcenter\u00bb][vc_column_text]<\/p>\n<h4 style=\"text-align: center;\"><strong>Televisores<\/strong><\/h4>\n<p>[\/vc_column_text][\/vc_column_inner][vc_column_inner width=\u00bb1\/6&#8243;][vc_single_image image=\u00bb46&#8243; img_size=\u00bb\u00bb alignment=\u00bbcenter\u00bb][vc_column_text]<\/p>\n<h4 style=\"text-align: center;\"><strong>Lavadoras<\/strong><\/h4>\n<p>[\/vc_column_text][\/vc_column_inner][vc_column_inner width=\u00bb1\/6&#8243;][vc_single_image image=\u00bb51&#8243; img_size=\u00bb\u00bb alignment=\u00bbcenter\u00bb][vc_column_text]<\/p>\n<h4 style=\"text-align: center;\"><strong>Secadoras<\/strong><\/h4>\n<p>[\/vc_column_text][\/vc_column_inner][vc_column_inner width=\u00bb1\/6&#8243;][vc_single_image image=\u00bb49&#8243; img_size=\u00bb\u00bb alignment=\u00bbcenter\u00bb][vc_column_text]<\/p>\n<h4 style=\"text-align: center;\"><strong>Ollas arroceras<\/strong><\/h4>\n<p>[\/vc_column_text][\/vc_column_inner][vc_column_inner width=\u00bb1\/6&#8243;][vc_single_image image=\u00bb52&#8243; img_size=\u00bb\u00bb alignment=\u00bbcenter\u00bb][vc_column_text]<\/p>\n<h4 style=\"text-align: center;\"><strong>Torres de lavado<\/strong><\/h4>\n<p>[\/vc_column_text][\/vc_column_inner][\/vc_row_inner][\/vc_column][\/vc_row][vc_row full_width=\u00bbstretch_row\u00bb css=\u00bb.vc_custom_1669265206675{background-color: #dbdbdb !important;}\u00bb el_id=\u00bbGaleria\u00bb][vc_column][vc_column_text]<\/p>\n<h1 style=\"text-align: center;\"><strong>GALER\u00cdA<\/strong><\/h1>\n<p>[\/vc_column_text][vc_media_grid element_width=\u00bb2&#8243; grid_id=\u00bbvc_gid:1764346694383-099b8113-06b3-9&#8243; include=\u00bb85,86,87,88,89,90,91,92,93,94,95,96,97,98,99,100,101,102,103,104,105,106,107,108&#8243;][\/vc_column][\/vc_row][vc_row el_id=\u00bbContacto\u00bb][vc_column][vc_column_text]<\/p>\n<h1 style=\"text-align: center;\"><strong>CONT\u00c1CTENOS:<\/strong><\/h1>\n<p>[\/vc_column_text][vc_column_text]<\/p>\n<h2 style=\"text-align: center;\"><strong>SANTA LUC\u00cdA, HEREDIA<\/strong><\/h2>\n<p style=\"text-align: center;\"><strong><a href=\"tel:+5062262-1173\">+506 2262-1173<\/a> &#8211;\u00a0<a href=\"tel:+5062261-2844\">+506 2261-2844<\/a><\/strong><\/p>\n<p>[\/vc_column_text][vc_gmaps link=\u00bb#E-8_JTNDaWZyYW1lJTIwc3JjJTNEJTIyaHR0cHMlM0ElMkYlMkZ3d3cuZ29vZ2xlLmNvbSUyRm1hcHMlMkZlbWJlZCUzRnBiJTNEJTIxMW0xOCUyMTFtMTIlMjExbTMlMjExZDI0NzUuMTYxMTkxNjAzNzIxNCUyMTJkLTg0LjExODk4NDc3NzczODA5JTIxM2QxMC4wMTA4MjUxNDE2NTkyMTUlMjEybTMlMjExZjAlMjEyZjAlMjEzZjAlMjEzbTIlMjExaTEwMjQlMjEyaTc2OCUyMTRmMTMuMSUyMTNtMyUyMTFtMiUyMTFzMHg4ZmEwZmI5YzgxYzIzYzEzJTI1M0EweDRmYzUzZTYwOWU1ZjFjMTElMjEyc1NlcnZpcmVwdWVzdG9zJTI1MjBNYXNpcyUyNTIwJTI4SGVyZWRpYSUyOSUyMTVlMCUyMTNtMiUyMTFzZXMlMjEyc3VzJTIxNHYxNjY5MjY1NzQzNDAxJTIxNW0yJTIxMXNlcyUyMTJzdXMlMjIlMjB3aWR0aCUzRCUyMjE5ODAlMjIlMjBoZWlnaHQlM0QlMjI2MDAlMjIlMjBzdHlsZSUzRCUyMmJvcmRlciUzQTAlM0IlMjIlMjBhbGxvd2Z1bGxzY3JlZW4lM0QlMjIlMjIlMjBsb2FkaW5nJTNEJTIybGF6eSUyMiUyMHJlZmVycmVycG9saWN5JTNEJTIybm8tcmVmZXJyZXItd2hlbi1kb3duZ3JhZGUlMjIlM0UlM0MlMkZpZnJhbWUlM0U=\u00bb][vc_row_inner][vc_column_inner width=\u00bb1\/2&#8243;][vc_column_text]<\/p>\n<h3 style=\"text-align: center;\"><strong>PLAZA SAN JUAN, CARTAGO<\/strong><\/h3>\n<p style=\"text-align: center;\"><strong><a href=\"tel:+50622911244\">Tel: 2291-1244<\/a> \/ <\/strong><a href=\"tel:+5068384-1433\"><strong>Cel: 8384-1433<\/strong><\/a><\/p>\n<p>[\/vc_column_text][vc_gmaps link=\u00bb#E-8_JTNDaWZyYW1lJTIwc3JjJTNEJTIyaHR0cHMlM0ElMkYlMkZ3d3cuZ29vZ2xlLmNvbSUyRm1hcHMlMkZlbWJlZCUzRnBiJTNEJTIxMW0xOCUyMTFtMTIlMjExbTMlMjExZDM5MzAuMjkyMjA5MTAxODA1JTIxMmQtODQuMDEyNTEwNDg0ODM3NzYlMjEzZDkuOTA5NjAzMTc3MzAyMjIzJTIxMm0zJTIxMWYwJTIxMmYwJTIxM2YwJTIxM20yJTIxMWkxMDI0JTIxMmk3NjglMjE0ZjEzLjElMjEzbTMlMjExbTIlMjExczB4OGZhMGUxNjQxOTJjMTNjMyUyNTNBMHhmNTdmYWI3ZWIzZDFjYTk1JTIxMnNQbGF6YSUyNTIwU2FuJTI1MjBKdWFuJTIxNWUwJTIxM20yJTIxMXNlcyUyMTJzY3IlMjE0djE2NTA5NTA2NjQzMjUlMjE1bTIlMjExc2VzJTIxMnNjciUyMiUyMHdpZHRoJTNEJTIyNjAwJTIyJTIwaGVpZ2h0JTNEJTIyNDUwJTIyJTIwc3R5bGUlM0QlMjJib3JkZXIlM0EwJTNCJTIyJTIwYWxsb3dmdWxsc2NyZWVuJTNEJTIyJTIyJTIwbG9hZGluZyUzRCUyMmxhenklMjIlMjByZWZlcnJlcnBvbGljeSUzRCUyMm5vLXJlZmVycmVyLXdoZW4tZG93bmdyYWRlJTIyJTNFJTNDJTJGaWZyYW1lJTNF\u00bb][\/vc_column_inner][vc_column_inner width=\u00bb1\/2&#8243;][vc_column_text]<\/p>\n<h3 style=\"text-align: center;\"><strong>LINDORA, SANTA ANA<\/strong><\/h3>\n<p style=\"text-align: center;\"><strong><a href=\"tel:+5062291-1500\">Tel: 2291-1500<\/a> \/ <\/strong><a href=\"http:\/\/+5066456-5711\"><strong>Cel: 6456-5711<\/strong><\/a><\/p>\n<p>[\/vc_column_text][vc_gmaps link=\u00bb#E-8_JTNDaWZyYW1lJTIwc3JjJTNEJTIyaHR0cHMlM0ElMkYlMkZ3d3cuZ29vZ2xlLmNvbSUyRm1hcHMlMkZlbWJlZCUzRnBiJTNEJTIxMW0xNCUyMTFtOCUyMTFtMyUyMTFkMTEwMi44MTQzMzEwMTQzNzY2JTIxMmQtODQuMTg4NzA0OTUwMDgxJTIxM2Q5LjkzNTMyMTg5NDY0NzczNCUyMTNtMiUyMTFpMTAyNCUyMTJpNzY4JTIxNGYxMy4xJTIxM20zJTIxMW0yJTIxMXMweDhmYTBmYmEwMDZjNWI1MjclMjUzQTB4Yjg2YmZjYzk5MWZhZTVjZSUyMTJzUkVQVUVTVE9TJTI1MjBERSUyNTIwTElORUElMjUyMEJMQU5DQSUyMTVlMCUyMTNtMiUyMTFzZXMlMjEyc2NyJTIxNHYxNjM4NDIwMzM0MzU0JTIxNW0yJTIxMXNlcyUyMTJzY3IlMjIlMjB3aWR0aCUzRCUyMjEwMDAlMjIlMjBoZWlnaHQlM0QlMjI0NTAlMjIlMjBzdHlsZSUzRCUyMmJvcmRlciUzQTAlM0IlMjIlMjBhbGxvd2Z1bGxzY3JlZW4lM0QlMjIlMjIlMjBsb2FkaW5nJTNEJTIybGF6eSUyMiUzRSUzQyUyRmlmcmFtZSUzRQ==\u00bb][\/vc_column_inner][\/vc_row_inner][\/vc_column][\/vc_row][vc_row][vc_column width=\u00bb1\/2&#8243; css=\u00bb.vc_custom_1667077616893{background-color: #156fbf !important;}\u00bb]<div class=\"get_in_touch\" ><h3>Informaci\u00f3n<\/h3><div class=\"get_in_touch_wrapper\"><ul><li class=\"phone phone-1\"><span class=\"icon\"><i class=\"icon-phone\" aria-label=\"phone\"><\/i><\/span><p><a href=\"tel:+50622911500\">+506 2291 1500<\/a><\/p><\/li><li class=\"phone phone-2\"><span class=\"icon\"><i class=\"icon-phone\" aria-label=\"phone\"><\/i><\/span><p><a href=\"tel:+5062261-2844\">+506 2261-2844<\/a><\/p><\/li><li class=\"mail\"><span class=\"icon\"><i class=\"icon-mail\" aria-label=\"mail\"><\/i><\/span><p><a href=\"mailto:ventas@repuestosdelineablanca.com\">ventas@repuestosdelineablanca.com<\/a><\/p><\/li><li class=\"www\"><span class=\"icon\"><i class=\"icon-link\"><\/i><\/span><p><a target=\"_blank\" href=\"https:\/\/www.repuestosdelineablanca.com\">www.repuestosdelineablanca.com<\/a><\/p><\/li><\/ul><\/div><\/div>\n[\/vc_column][vc_column width=\u00bb1\/2&#8243;][vc_column_text]<div class=\"wpforms-container wpforms-container-full\" id=\"wpforms-76\"><form id=\"wpforms-form-76\" class=\"wpforms-validate wpforms-form wpforms-ajax-form\" data-formid=\"76\" method=\"post\" enctype=\"multipart\/form-data\" action=\"\/index.php?rest_route=%2Fwp%2Fv2%2Fpages%2F6\" data-token=\"30fddfd286baf801ec3e57da47276876\"><noscript class=\"wpforms-error-noscript\">Por favor, activa JavaScript en tu navegador para completar este formulario.<\/noscript><div class=\"wpforms-field-container\"><div id=\"wpforms-76-field_1-container\" class=\"wpforms-field wpforms-field-name\" data-field-id=\"1\"><label class=\"wpforms-field-label\" for=\"wpforms-76-field_1\">Nombre <span class=\"wpforms-required-label\">*<\/span><\/label><div class=\"wpforms-field-row wpforms-field-medium\"><div class=\"wpforms-field-row-block wpforms-first wpforms-one-half\"><input type=\"text\" id=\"wpforms-76-field_1\" class=\"wpforms-field-name-first wpforms-field-required\" name=\"wpforms[fields][1][first]\" required><label for=\"wpforms-76-field_1\" class=\"wpforms-field-sublabel after \">Nombre<\/label><\/div><div class=\"wpforms-field-row-block wpforms-one-half\"><input type=\"text\" id=\"wpforms-76-field_1-last\" class=\"wpforms-field-name-last wpforms-field-required\" name=\"wpforms[fields][1][last]\" required><label for=\"wpforms-76-field_1-last\" class=\"wpforms-field-sublabel after \">Apellidos<\/label><\/div><\/div><\/div><div id=\"wpforms-76-field_2-container\" class=\"wpforms-field wpforms-field-phone\" data-field-id=\"2\"><label class=\"wpforms-field-label\" for=\"wpforms-76-field_2\">Tel\u00e9fono <span class=\"wpforms-required-label\">*<\/span><\/label><input type=\"tel\" id=\"wpforms-76-field_2\" class=\"wpforms-field-medium wpforms-field-required wpforms-smart-phone-field\" data-rule-smart-phone-field=\"true\" name=\"wpforms[fields][2]\" required><\/div><div id=\"wpforms-76-field_3-container\" class=\"wpforms-field wpforms-field-email\" data-field-id=\"3\"><label class=\"wpforms-field-label\" for=\"wpforms-76-field_3\">Correo electr\u00f3nico <span class=\"wpforms-required-label\">*<\/span><\/label><input type=\"email\" id=\"wpforms-76-field_3\" class=\"wpforms-field-medium wpforms-field-required\" name=\"wpforms[fields][3]\" required><\/div><div id=\"wpforms-76-field_4-container\" class=\"wpforms-field wpforms-field-text\" data-field-id=\"4\"><label class=\"wpforms-field-label\" for=\"wpforms-76-field_4\">Consulta <span class=\"wpforms-required-label\">*<\/span><\/label><input type=\"text\" id=\"wpforms-76-field_4\" class=\"wpforms-field-medium wpforms-field-required\" name=\"wpforms[fields][4]\" required><\/div><\/div><div class=\"wpforms-submit-container\"><input type=\"hidden\" name=\"wpforms[id]\" value=\"76\"><input type=\"hidden\" name=\"wpforms[author]\" value=\"1\"><button type=\"submit\" name=\"wpforms[submit]\" id=\"wpforms-submit-76\" class=\"wpforms-submit\" data-alt-text=\"Enviando...\" data-submit-text=\"Enviar\" aria-live=\"assertive\" value=\"wpforms-submit\">Enviar<\/button><img loading=\"lazy\" decoding=\"async\" src=\"https:\/\/repuestosdelineablanca.com\/wp-content\/plugins\/wpforms\/assets\/images\/submit-spin.svg\" class=\"wpforms-submit-spinner\" style=\"display: none;\" width=\"26\" height=\"26\" alt=\"Cargando\"><\/div><\/form><\/div>  <!-- .wpforms-container -->[\/vc_column_text][\/vc_column][\/vc_row][vc_row][vc_column][vc_empty_space][vc_column_text]<\/p>\n<h1 style=\"text-align: center;\"><strong>M\u00c9TODOS DE PAGO<\/strong><\/h1>\n<p>[\/vc_column_text][\/vc_column][\/vc_row][vc_row full_width=\u00bbstretch_row\u00bb css=\u00bb.vc_custom_1667078781969{background-color: #b7b7b7 !important;}\u00bb][vc_column][vc_single_image image=\u00bb22&#8243; img_size=\u00bbfull\u00bb alignment=\u00bbcenter\u00bb css_animation=\u00bbfadeInUp\u00bb][\/vc_column][\/vc_row]<\/p>\n","protected":false},"excerpt":{"rendered":"<p>[vc_row][vc_column][vc_empty_space][vc_single_image image=\u00bb21&#8243; img_size=\u00bbfull\u00bb alignment=\u00bbcenter\u00bb css_animation=\u00bbfadeInUp\u00bb][\/vc_column][\/vc_row][vc_row][vc_column width=\u00bb1\/3&#8243;][vc_single_image image=\u00bb27&#8243; img_size=\u00bbfull\u00bb alignment=\u00bbcenter\u00bb css_animation=\u00bbfadeInLeft\u00bb][\/vc_column][vc_column width=\u00bb1\/3&#8243;][vc_single_image image=\u00bb29&#8243; img_size=\u00bbfull\u00bb alignment=\u00bbcenter\u00bb css_animation=\u00bbfadeInUp\u00bb][\/vc_column][vc_column width=\u00bb1\/3&#8243;][vc_single_image image=\u00bb28&#8243; img_size=\u00bbfull\u00bb alignment=\u00bbcenter\u00bb css_animation=\u00bbfadeInRight\u00bb][\/vc_column][\/vc_row][vc_row el_id=\u00bbQuienes\u00bb][vc_column][vc_column_text] QUI\u00c9NES SOMOS [\/vc_column_text][\/vc_column][\/vc_row][vc_row full_width=\u00bbstretch_row\u00bb css=\u00bb.vc_custom_1669261828523{background-color:<span class=\"excerpt-hellip\"> [\u2026]<\/span><\/p>\n","protected":false},"author":1,"featured_media":0,"parent":0,"menu_order":0,"comment_status":"closed","ping_status":"closed","template":"","meta":{"footnotes":""},"class_list":["post-6","page","type-page","status-publish","hentry"],"_links":{"self":[{"href":"https:\/\/repuestosdelineablanca.com\/index.php?rest_route=\/wp\/v2\/pages\/6","targetHints":{"allow":["GET"]}}],"collection":[{"href":"https:\/\/repuestosdelineablanca.com\/index.php?rest_route=\/wp\/v2\/pages"}],"about":[{"href":"https:\/\/repuestosdelineablanca.com\/index.php?rest_route=\/wp\/v2\/types\/page"}],"author":[{"embeddable":true,"href":"https:\/\/repuestosdelineablanca.com\/index.php?rest_route=\/wp\/v2\/users\/1"}],"replies":[{"embeddable":true,"href":"https:\/\/repuestosdelineablanca.com\/index.php?rest_route=%2Fwp%2Fv2%2Fcomments&post=6"}],"version-history":[{"count":26,"href":"https:\/\/repuestosdelineablanca.com\/index.php?rest_route=\/wp\/v2\/pages\/6\/revisions"}],"predecessor-version":[{"id":110,"href":"https:\/\/repuestosdelineablanca.com\/index.php?rest_route=\/wp\/v2\/pages\/6\/revisions\/110"}],"wp:attachment":[{"href":"https:\/\/repuestosdelineablanca.com\/index.php?rest_route=%2Fwp%2Fv2%2Fmedia&parent=6"}],"curies":[{"name":"wp","href":"https:\/\/api.w.org\/{rel}","templated":true}]}}